{"id":236,"date":"2022-05-02T14:57:24","date_gmt":"2022-05-02T14:57:24","guid":{"rendered":"https:\/\/hotelmiovallarta.com.mx\/qrdesayunos\/?page_id=236"},"modified":"2022-06-03T21:48:38","modified_gmt":"2022-06-03T21:48:38","slug":"beach-club-hotel-friendly-fun","status":"publish","type":"page","link":"https:\/\/hotelmiovallarta.com.mx\/qrdesayunos\/beach-club-hotel-friendly-fun\/","title":{"rendered":"Beach Club &#8211; Hotel Friendly Fun"},"content":{"rendered":"\t\t<div data-elementor-type=\"wp-page\" data-elementor-id=\"236\" class=\"elementor elementor-236\">\n\t\t\t\t\t\t\t\t\t<section class=\"elementor-section elementor-top-section elementor-element elementor-element-c06fb70 elementor-section-boxed elementor-section-height-default elementor-section-height-default\" data-id=\"c06fb70\" data-element_type=\"section\">\n\t\t\t\t\t\t<div class=\"elementor-container elementor-column-gap-default\">\n\t\t\t\t\t<div class=\"elementor-column elementor-col-100 elementor-top-column elementor-element elementor-element-bf4e9c0\" data-id=\"bf4e9c0\" data-element_type=\"column\">\n\t\t\t<div class=\"elementor-widget-wrap elementor-element-populated\">\n\t\t\t\t\t\t\t\t<div class=\"elementor-element elementor-element-40685ee elementor-widget elementor-widget-slider_revolution\" data-id=\"40685ee\" data-element_type=\"widget\" data-widget_type=\"slider_revolution.default\">\n\t\t\t\t<div class=\"elementor-widget-container\">\n\t\t\t\r\n\t\t<div class=\"wp-block-themepunch-revslider\">\n\t\t\t<!-- START Beach Club REVOLUTION SLIDER 6.5.17 --><p class=\"rs-p-wp-fix\"><\/p>\n\t\t\t<rs-module-wrap id=\"rev_slider_3_1_wrapper\" data-source=\"gallery\" style=\"visibility:hidden;background:transparent;padding:0;\">\n\t\t\t\t<rs-module id=\"rev_slider_3_1\" class=\"rs-respect-topbar respect-fixedstatic\" style=\"\" data-version=\"6.5.17\">\n\t\t\t\t\t<rs-slides>\n\t\t\t\t\t\t<rs-slide style=\"position: absolute;\" data-key=\"rs-7\" data-title=\"Contact\" data-anim=\"ms:1500;\" data-in=\"o:1;y:(100%);\" data-out=\"a:false;\">\n\t\t\t\t\t\t\t<img loading=\"lazy\" decoding=\"async\" src=\"\/\/hotelmiovallarta.com.mx\/qrdesayunos\/wp-content\/plugins\/revslider\/public\/assets\/assets\/dummy.png\" alt=\"\" title=\"beach-club-hotel-friendly-fun-acceso-hotel-mio-4\" width=\"2560\" height=\"1707\" class=\"rev-slidebg tp-rs-img rs-lazyload\" data-lazyload=\"\/\/hotelmiovallarta.com.mx\/qrdesayunos\/wp-content\/uploads\/2022\/05\/beach-club-hotel-friendly-fun-acceso-hotel-mio-4-scaled.jpeg\" data-no-retina>\n\t\t\t\t\t\t\t<rs-bgvideo \n\t\t\t\t\t\t\t\tdata-video=\"w:100%;h:100%;nse:false;l:true;ptimer:false;vfc:true;\"\n\t\t\t\t\t\t\t\tdata-mp4=\"\/\/hotelmiovallarta.com.mx\/qrdesayunos\/wp-content\/uploads\/2022\/05\/nuevo-beach-club-hotel-friendly-fun-acceso-mio.mp4\"\n\t\t\t\t\t\t\t><\/rs-bgvideo>\n<!---->\t\t\t\t\t\t<\/rs-slide>\n\t\t\t\t\t<\/rs-slides>\n\t\t\t\t\t<rs-static-layers><!--\n\t\t\t\t\t--><\/rs-static-layers>\n\t\t\t\t<\/rs-module>\n\t\t\t\t<script>\n\t\t\t\t\tsetREVStartSize({c: 'rev_slider_3_1',rl:[1240,1024,778,480],el:[868,768,960,720],gw:[1240,1024,778,480],gh:[868,768,960,720],type:'standard',justify:'',layout:'fullscreen',offsetContainer:'#masthead',offset:'',mh:\"0\"});if (window.RS_MODULES!==undefined && window.RS_MODULES.modules!==undefined && window.RS_MODULES.modules[\"revslider31\"]!==undefined) {window.RS_MODULES.modules[\"revslider31\"].once = false;window.revapi3 = undefined;if (window.RS_MODULES.checkMinimal!==undefined) window.RS_MODULES.checkMinimal()}\n\t\t\t\t<\/script>\n\t\t\t<\/rs-module-wrap>\n\t\t\t<!-- END REVOLUTION SLIDER -->\n<\/div>\r\n\r\n\t\t\t\t<\/div>\n\t\t\t\t<\/div>\n\t\t\t\t\t<\/div>\n\t\t<\/div>\n\t\t\t\t\t\t\t<\/div>\n\t\t<\/section>\n\t\t\t\t<section class=\"elementor-section elementor-top-section elementor-element elementor-element-3682690 elementor-section-boxed elementor-section-height-default elementor-section-height-default\" data-id=\"3682690\" data-element_type=\"section\">\n\t\t\t\t\t\t<div class=\"elementor-container elementor-column-gap-default\">\n\t\t\t\t\t<div class=\"elementor-column elementor-col-100 elementor-top-column elementor-element elementor-element-d5328c3\" data-id=\"d5328c3\" data-element_type=\"column\">\n\t\t\t<div class=\"elementor-widget-wrap elementor-element-populated\">\n\t\t\t\t\t\t\t\t<div class=\"elementor-element elementor-element-2068398b elementor-widget elementor-widget-heading\" data-id=\"2068398b\" data-element_type=\"widget\" data-widget_type=\"heading.default\">\n\t\t\t\t<div class=\"elementor-widget-container\">\n\t\t\t<style>\/*! elementor - v3.9.1 - 14-12-2022 *\/\n.elementor-heading-title{padding:0;margin:0;line-height:1}.elementor-widget-heading .elementor-heading-title[class*=elementor-size-]>a{color:inherit;font-size:inherit;line-height:inherit}.elementor-widget-heading .elementor-heading-title.elementor-size-small{font-size:15px}.elementor-widget-heading .elementor-heading-title.elementor-size-medium{font-size:19px}.elementor-widget-heading .elementor-heading-title.elementor-size-large{font-size:29px}.elementor-widget-heading .elementor-heading-title.elementor-size-xl{font-size:39px}.elementor-widget-heading .elementor-heading-title.elementor-size-xxl{font-size:59px}<\/style><h1 class=\"elementor-heading-title elementor-size-default\">Beach Club + Playa = #BusinessAndFun<\/h1>\t\t<\/div>\n\t\t\t\t<\/div>\n\t\t\t\t\t<\/div>\n\t\t<\/div>\n\t\t\t\t\t\t\t<\/div>\n\t\t<\/section>\n\t\t\t\t<section class=\"elementor-section elementor-top-section elementor-element elementor-element-72d3b749 elementor-section-content-middle elementor-section-boxed elementor-section-height-default elementor-section-height-default\" data-id=\"72d3b749\" data-element_type=\"section\" data-settings=\"{&quot;background_background&quot;:&quot;classic&quot;}\">\n\t\t\t\t\t\t<div class=\"elementor-container elementor-column-gap-no\">\n\t\t\t\t\t<div class=\"elementor-column elementor-col-33 elementor-top-column elementor-element elementor-element-6c273447\" data-id=\"6c273447\" data-element_type=\"column\">\n\t\t\t<div class=\"elementor-widget-wrap elementor-element-populated\">\n\t\t\t\t\t\t\t\t<div class=\"elementor-element elementor-element-3f95ce9b elementor-invisible elementor-widget elementor-widget-image\" data-id=\"3f95ce9b\" data-element_type=\"widget\" data-settings=\"{&quot;_animation&quot;:&quot;fadeInUp&quot;}\" data-widget_type=\"image.default\">\n\t\t\t\t<div class=\"elementor-widget-container\">\n\t\t\t<style>\/*! elementor - v3.9.1 - 14-12-2022 *\/\n.elementor-widget-image{text-align:center}.elementor-widget-image a{display:inline-block}.elementor-widget-image a img[src$=\".svg\"]{width:48px}.elementor-widget-image img{vertical-align:middle;display:inline-block}<\/style>\t\t\t\t\t\t\t\t\t\t\t\t<img loading=\"lazy\" decoding=\"async\" width=\"2560\" height=\"1438\" src=\"https:\/\/hotelmiovallarta.com.mx\/qrdesayunos\/wp-content\/uploads\/2022\/06\/hotel-en-playa-friendly-fun-beach-club-scaled.jpg\" class=\"elementor-animation-grow attachment-full size-full wp-image-294\" alt=\"\" srcset=\"https:\/\/hotelmiovallarta.com.mx\/qrdesayunos\/wp-content\/uploads\/2022\/06\/hotel-en-playa-friendly-fun-beach-club-scaled.jpg 2560w, https:\/\/hotelmiovallarta.com.mx\/qrdesayunos\/wp-content\/uploads\/2022\/06\/hotel-en-playa-friendly-fun-beach-club-300x169.jpg 300w, https:\/\/hotelmiovallarta.com.mx\/qrdesayunos\/wp-content\/uploads\/2022\/06\/hotel-en-playa-friendly-fun-beach-club-1024x575.jpg 1024w, https:\/\/hotelmiovallarta.com.mx\/qrdesayunos\/wp-content\/uploads\/2022\/06\/hotel-en-playa-friendly-fun-beach-club-768x432.jpg 768w, https:\/\/hotelmiovallarta.com.mx\/qrdesayunos\/wp-content\/uploads\/2022\/06\/hotel-en-playa-friendly-fun-beach-club-1536x863.jpg 1536w, https:\/\/hotelmiovallarta.com.mx\/qrdesayunos\/wp-content\/uploads\/2022\/06\/hotel-en-playa-friendly-fun-beach-club-2048x1151.jpg 2048w\" sizes=\"auto, (max-width: 2560px) 100vw, 2560px\" \/>\t\t\t\t\t\t\t\t\t\t\t\t\t\t\t<\/div>\n\t\t\t\t<\/div>\n\t\t\t\t<div class=\"elementor-element elementor-element-50f809af elementor-widget elementor-widget-text-editor\" data-id=\"50f809af\" data-element_type=\"widget\" data-widget_type=\"text-editor.default\">\n\t\t\t\t<div class=\"elementor-widget-container\">\n\t\t\t<style>\/*! elementor - v3.9.1 - 14-12-2022 *\/\n.elementor-widget-text-editor.elementor-drop-cap-view-stacked .elementor-drop-cap{background-color:#818a91;color:#fff}.elementor-widget-text-editor.elementor-drop-cap-view-framed .elementor-drop-cap{color:#818a91;border:3px solid;background-color:transparent}.elementor-widget-text-editor:not(.elementor-drop-cap-view-default) .elementor-drop-cap{margin-top:8px}.elementor-widget-text-editor:not(.elementor-drop-cap-view-default) .elementor-drop-cap-letter{width:1em;height:1em}.elementor-widget-text-editor .elementor-drop-cap{float:left;text-align:center;line-height:1;font-size:50px}.elementor-widget-text-editor .elementor-drop-cap-letter{display:inline-block}<\/style>\t\t\t\t<div class=\"page\" title=\"Page 1\"><div class=\"section\"><div class=\"layoutArea\"><div class=\"column\"><h5><strong>Conoce el nuevo Beach Club!\u00a0Est\u00e1 ubicado en nuestro hotel hermano Friendly Fun!<\/strong><\/h5><h5><strong>Tiene un costo de $1,200.00 MXN por persona.<\/strong><\/h5><\/div><\/div><\/div><\/div>\t\t\t\t\t\t<\/div>\n\t\t\t\t<\/div>\n\t\t\t\t\t<\/div>\n\t\t<\/div>\n\t\t\t\t<div class=\"elementor-column elementor-col-33 elementor-top-column elementor-element elementor-element-deb0021\" data-id=\"deb0021\" data-element_type=\"column\">\n\t\t\t<div class=\"elementor-widget-wrap elementor-element-populated\">\n\t\t\t\t\t\t\t\t<div class=\"elementor-element elementor-element-e062a8a elementor-invisible elementor-widget elementor-widget-image\" data-id=\"e062a8a\" data-element_type=\"widget\" data-settings=\"{&quot;_animation&quot;:&quot;fadeInLeft&quot;}\" data-widget_type=\"image.default\">\n\t\t\t\t<div class=\"elementor-widget-container\">\n\t\t\t\t\t\t\t\t\t\t\t\t\t\t\t<img loading=\"lazy\" decoding=\"async\" width=\"2560\" height=\"1747\" src=\"https:\/\/hotelmiovallarta.com.mx\/qrdesayunos\/wp-content\/uploads\/2022\/06\/hotel-en-playa-friendly-fun-muelle-scaled.jpg\" class=\"elementor-animation-grow attachment-full size-full wp-image-296\" alt=\"\" srcset=\"https:\/\/hotelmiovallarta.com.mx\/qrdesayunos\/wp-content\/uploads\/2022\/06\/hotel-en-playa-friendly-fun-muelle-scaled.jpg 2560w, https:\/\/hotelmiovallarta.com.mx\/qrdesayunos\/wp-content\/uploads\/2022\/06\/hotel-en-playa-friendly-fun-muelle-300x205.jpg 300w, https:\/\/hotelmiovallarta.com.mx\/qrdesayunos\/wp-content\/uploads\/2022\/06\/hotel-en-playa-friendly-fun-muelle-1024x699.jpg 1024w, https:\/\/hotelmiovallarta.com.mx\/qrdesayunos\/wp-content\/uploads\/2022\/06\/hotel-en-playa-friendly-fun-muelle-768x524.jpg 768w, https:\/\/hotelmiovallarta.com.mx\/qrdesayunos\/wp-content\/uploads\/2022\/06\/hotel-en-playa-friendly-fun-muelle-1536x1048.jpg 1536w, https:\/\/hotelmiovallarta.com.mx\/qrdesayunos\/wp-content\/uploads\/2022\/06\/hotel-en-playa-friendly-fun-muelle-2048x1398.jpg 2048w\" sizes=\"auto, (max-width: 2560px) 100vw, 2560px\" \/>\t\t\t\t\t\t\t\t\t\t\t\t\t\t\t<\/div>\n\t\t\t\t<\/div>\n\t\t\t\t<div class=\"elementor-element elementor-element-6c4126b elementor-widget elementor-widget-text-editor\" data-id=\"6c4126b\" data-element_type=\"widget\" data-widget_type=\"text-editor.default\">\n\t\t\t\t<div class=\"elementor-widget-container\">\n\t\t\t\t\t\t\t<div class=\"page\" title=\"Page 1\"><div class=\"section\"><div class=\"layoutArea\"><div class=\"column\"><div class=\"page\" title=\"Page 1\"><div class=\"section\"><div class=\"layoutArea\"><div class=\"column\"><h5><strong>Horario de 10:00 am a 6:00 pm.<\/strong><\/h5><h5><strong>Para m\u00e1s informaci\u00f3n acercarse a recepci\u00f3n.\u00a0<\/strong><\/h5><\/div><p>*<em>Disponibilidad est\u00e1 sujeto a hotel friendly fun.<\/em><\/p><p><em>El costo de ingreso es en moneda nacional mexicana por persona, por d\u00eda<\/em>*<\/p><\/div><\/div><\/div><\/div><\/div><\/div><\/div>\t\t\t\t\t\t<\/div>\n\t\t\t\t<\/div>\n\t\t\t\t\t<\/div>\n\t\t<\/div>\n\t\t\t\t<div class=\"elementor-column elementor-col-33 elementor-top-column elementor-element elementor-element-56c5289\" data-id=\"56c5289\" data-element_type=\"column\">\n\t\t\t<div class=\"elementor-widget-wrap elementor-element-populated\">\n\t\t\t\t\t\t\t\t<div class=\"elementor-element elementor-element-349d37b elementor-invisible elementor-widget elementor-widget-image\" data-id=\"349d37b\" data-element_type=\"widget\" data-settings=\"{&quot;_animation&quot;:&quot;fadeInRight&quot;}\" data-widget_type=\"image.default\">\n\t\t\t\t<div class=\"elementor-widget-container\">\n\t\t\t\t\t\t\t\t\t\t\t\t\t\t\t<img loading=\"lazy\" decoding=\"async\" width=\"2560\" height=\"1706\" src=\"https:\/\/hotelmiovallarta.com.mx\/qrdesayunos\/wp-content\/uploads\/2022\/05\/beach-club-hotel-friendly-fun-acceso-hotel-mio-2-scaled.jpeg\" class=\"elementor-animation-grow attachment-full size-full wp-image-240\" alt=\"\" srcset=\"https:\/\/hotelmiovallarta.com.mx\/qrdesayunos\/wp-content\/uploads\/2022\/05\/beach-club-hotel-friendly-fun-acceso-hotel-mio-2-scaled.jpeg 2560w, https:\/\/hotelmiovallarta.com.mx\/qrdesayunos\/wp-content\/uploads\/2022\/05\/beach-club-hotel-friendly-fun-acceso-hotel-mio-2-300x200.jpeg 300w, https:\/\/hotelmiovallarta.com.mx\/qrdesayunos\/wp-content\/uploads\/2022\/05\/beach-club-hotel-friendly-fun-acceso-hotel-mio-2-1024x683.jpeg 1024w, https:\/\/hotelmiovallarta.com.mx\/qrdesayunos\/wp-content\/uploads\/2022\/05\/beach-club-hotel-friendly-fun-acceso-hotel-mio-2-768x512.jpeg 768w, https:\/\/hotelmiovallarta.com.mx\/qrdesayunos\/wp-content\/uploads\/2022\/05\/beach-club-hotel-friendly-fun-acceso-hotel-mio-2-1536x1024.jpeg 1536w, https:\/\/hotelmiovallarta.com.mx\/qrdesayunos\/wp-content\/uploads\/2022\/05\/beach-club-hotel-friendly-fun-acceso-hotel-mio-2-2048x1365.jpeg 2048w\" sizes=\"auto, (max-width: 2560px) 100vw, 2560px\" \/>\t\t\t\t\t\t\t\t\t\t\t\t\t\t\t<\/div>\n\t\t\t\t<\/div>\n\t\t\t\t<div class=\"elementor-element elementor-element-f89e183 elementor-widget elementor-widget-text-editor\" data-id=\"f89e183\" data-element_type=\"widget\" data-widget_type=\"text-editor.default\">\n\t\t\t\t<div class=\"elementor-widget-container\">\n\t\t\t\t\t\t\t<div class=\"page\" title=\"Page 1\"><div class=\"section\"><div class=\"layoutArea\"><div class=\"column\"><h5><strong>Incluye alimentos y bebidas en el beach club.<\/strong><\/h5><h5><strong>Uso de alberca para adultos y acceso a la playa.<\/strong><\/h5><\/div><\/div><\/div><\/div>\t\t\t\t\t\t<\/div>\n\t\t\t\t<\/div>\n\t\t\t\t\t<\/div>\n\t\t<\/div>\n\t\t\t\t\t\t\t<\/div>\n\t\t<\/section>\n\t\t\t\t<section class=\"elementor-section elementor-top-section elementor-element elementor-element-780dbe6 elementor-section-boxed elementor-section-height-default elementor-section-height-default\" data-id=\"780dbe6\" data-element_type=\"section\">\n\t\t\t\t\t\t<div class=\"elementor-container elementor-column-gap-default\">\n\t\t\t\t\t<div class=\"elementor-column elementor-col-100 elementor-top-column elementor-element elementor-element-9e5df64\" data-id=\"9e5df64\" data-element_type=\"column\">\n\t\t\t<div class=\"elementor-widget-wrap elementor-element-populated\">\n\t\t\t\t\t\t\t\t<div class=\"elementor-element elementor-element-407fe7f elementor-widget elementor-widget-spacer\" data-id=\"407fe7f\" data-element_type=\"widget\" data-widget_type=\"spacer.default\">\n\t\t\t\t<div class=\"elementor-widget-container\">\n\t\t\t<style>\/*! elementor - v3.9.1 - 14-12-2022 *\/\n.elementor-column .elementor-spacer-inner{height:var(--spacer-size)}.e-con{--container-widget-width:100%}.e-con-inner>.elementor-widget-spacer,.e-con>.elementor-widget-spacer{width:var(--container-widget-width,var(--spacer-size));--align-self:var(--container-widget-align-self,initial);--flex-shrink:0}.e-con-inner>.elementor-widget-spacer>.elementor-widget-container,.e-con-inner>.elementor-widget-spacer>.elementor-widget-container>.elementor-spacer,.e-con>.elementor-widget-spacer>.elementor-widget-container,.e-con>.elementor-widget-spacer>.elementor-widget-container>.elementor-spacer{height:100%}.e-con-inner>.elementor-widget-spacer>.elementor-widget-container>.elementor-spacer>.elementor-spacer-inner,.e-con>.elementor-widget-spacer>.elementor-widget-container>.elementor-spacer>.elementor-spacer-inner{height:var(--container-widget-height,var(--spacer-size))}<\/style>\t\t<div class=\"elementor-spacer\">\n\t\t\t<div class=\"elementor-spacer-inner\"><\/div>\n\t\t<\/div>\n\t\t\t\t<\/div>\n\t\t\t\t<\/div>\n\t\t\t\t\t<\/div>\n\t\t<\/div>\n\t\t\t\t\t\t\t<\/div>\n\t\t<\/section>\n\t\t\t\t<section class=\"elementor-section elementor-top-section elementor-element elementor-element-9b48397 elementor-section-boxed elementor-section-height-default elementor-section-height-default\" data-id=\"9b48397\" data-element_type=\"section\">\n\t\t\t\t\t\t<div class=\"elementor-container elementor-column-gap-default\">\n\t\t\t\t\t<div class=\"elementor-column elementor-col-100 elementor-top-column elementor-element elementor-element-1f2f1c5\" data-id=\"1f2f1c5\" data-element_type=\"column\">\n\t\t\t<div class=\"elementor-widget-wrap elementor-element-populated\">\n\t\t\t\t\t\t\t\t<div class=\"elementor-element elementor-element-53587a5 elementor-align-center elementor-button-success elementor-widget elementor-widget-button\" data-id=\"53587a5\" data-element_type=\"widget\" data-widget_type=\"button.default\">\n\t\t\t\t<div class=\"elementor-widget-container\">\n\t\t\t\t\t<div class=\"elementor-button-wrapper\">\n\t\t\t<a href=\"https:\/\/hotelmiovallarta.com.mx\/qrdesayunos\/\" class=\"elementor-button-link elementor-button elementor-size-sm\" role=\"button\">\n\t\t\t\t\t\t<span class=\"elementor-button-content-wrapper\">\n\t\t\t\t\t\t<span class=\"elementor-button-text\">Regresar<\/span>\n\t\t<\/span>\n\t\t\t\t\t<\/a>\n\t\t<\/div>\n\t\t\t\t<\/div>\n\t\t\t\t<\/div>\n\t\t\t\t\t<\/div>\n\t\t<\/div>\n\t\t\t\t\t\t\t<\/div>\n\t\t<\/section>\n\t\t\t\t<section class=\"elementor-section elementor-top-section elementor-element elementor-element-c12196c elementor-section-boxed elementor-section-height-default elementor-section-height-default\" data-id=\"c12196c\" data-element_type=\"section\">\n\t\t\t\t\t\t<div class=\"elementor-container elementor-column-gap-default\">\n\t\t\t\t\t<div class=\"elementor-column elementor-col-100 elementor-top-column elementor-element elementor-element-138f576\" data-id=\"138f576\" data-element_type=\"column\">\n\t\t\t<div class=\"elementor-widget-wrap elementor-element-populated\">\n\t\t\t\t\t\t\t\t<div class=\"elementor-element elementor-element-86588bf elementor-widget elementor-widget-spacer\" data-id=\"86588bf\" data-element_type=\"widget\" data-widget_type=\"spacer.default\">\n\t\t\t\t<div class=\"elementor-widget-container\">\n\t\t\t\t\t<div class=\"elementor-spacer\">\n\t\t\t<div class=\"elementor-spacer-inner\"><\/div>\n\t\t<\/div>\n\t\t\t\t<\/div>\n\t\t\t\t<\/div>\n\t\t\t\t\t<\/div>\n\t\t<\/div>\n\t\t\t\t\t\t\t<\/div>\n\t\t<\/section>\n\t\t\t\t\t\t\t<\/div>\n\t\t","protected":false},"excerpt":{"rendered":"<p>Beach Club + Playa = #BusinessAndFun Conoce el nuevo Beach Club!\u00a0Est\u00e1 ubicado en nuestro hotel hermano Friendly Fun! Tiene un costo de $1,200.00 MXN por persona. Horario de 10:00 am a 6:00 pm. Para m\u00e1s informaci\u00f3n acercarse a recepci\u00f3n.\u00a0 *Disponibilidad est\u00e1 sujeto a hotel friendly fun. El costo de ingreso es en moneda nacional mexicana [&hellip;]<\/p>\n","protected":false},"author":1,"featured_media":0,"parent":0,"menu_order":0,"comment_status":"closed","ping_status":"closed","template":"elementor_canvas","meta":{"footnotes":""},"class_list":["post-236","page","type-page","status-publish","hentry"],"_links":{"self":[{"href":"https:\/\/hotelmiovallarta.com.mx\/qrdesayunos\/wp-json\/wp\/v2\/pages\/236","targetHints":{"allow":["GET"]}}],"collection":[{"href":"https:\/\/hotelmiovallarta.com.mx\/qrdesayunos\/wp-json\/wp\/v2\/pages"}],"about":[{"href":"https:\/\/hotelmiovallarta.com.mx\/qrdesayunos\/wp-json\/wp\/v2\/types\/page"}],"author":[{"embeddable":true,"href":"https:\/\/hotelmiovallarta.com.mx\/qrdesayunos\/wp-json\/wp\/v2\/users\/1"}],"replies":[{"embeddable":true,"href":"https:\/\/hotelmiovallarta.com.mx\/qrdesayunos\/wp-json\/wp\/v2\/comments?post=236"}],"version-history":[{"count":10,"href":"https:\/\/hotelmiovallarta.com.mx\/qrdesayunos\/wp-json\/wp\/v2\/pages\/236\/revisions"}],"predecessor-version":[{"id":299,"href":"https:\/\/hotelmiovallarta.com.mx\/qrdesayunos\/wp-json\/wp\/v2\/pages\/236\/revisions\/299"}],"wp:attachment":[{"href":"https:\/\/hotelmiovallarta.com.mx\/qrdesayunos\/wp-json\/wp\/v2\/media?parent=236"}],"curies":[{"name":"wp","href":"https:\/\/api.w.org\/{rel}","templated":true}]}}