{"id":744,"date":"2021-11-12T16:42:35","date_gmt":"2021-11-12T16:42:35","guid":{"rendered":"https:\/\/hotelmiovallarta.com.mx\/qrmio\/?page_id=744"},"modified":"2021-12-27T20:46:37","modified_gmt":"2021-12-27T20:46:37","slug":"playa","status":"publish","type":"page","link":"https:\/\/hotelmiovallarta.com.mx\/qr\/reglamento\/playa\/","title":{"rendered":"Playa"},"content":{"rendered":"\t\t<div data-elementor-type=\"wp-page\" data-elementor-id=\"744\" class=\"elementor elementor-744\" data-elementor-post-type=\"page\">\n\t\t\t\t\t\t<section class=\"elementor-section elementor-top-section elementor-element elementor-element-ad25253 elementor-section-boxed elementor-section-height-default elementor-section-height-default\" data-id=\"ad25253\" data-element_type=\"section\">\n\t\t\t\t\t\t<div class=\"elementor-container elementor-column-gap-default\">\n\t\t\t\t\t<div class=\"elementor-column elementor-col-100 elementor-top-column elementor-element elementor-element-cb0934b\" data-id=\"cb0934b\" data-element_type=\"column\">\n\t\t\t<div class=\"elementor-widget-wrap elementor-element-populated\">\n\t\t\t\t\t\t<div class=\"elementor-element elementor-element-885302e elementor--h-position-center elementor--v-position-middle elementor-arrows-position-inside elementor-pagination-position-inside elementor-widget elementor-widget-slides\" data-id=\"885302e\" data-element_type=\"widget\" data-settings=\"{&quot;navigation&quot;:&quot;both&quot;,&quot;autoplay&quot;:&quot;yes&quot;,&quot;pause_on_hover&quot;:&quot;yes&quot;,&quot;pause_on_interaction&quot;:&quot;yes&quot;,&quot;autoplay_speed&quot;:5000,&quot;infinite&quot;:&quot;yes&quot;,&quot;transition&quot;:&quot;slide&quot;,&quot;transition_speed&quot;:500}\" data-widget_type=\"slides.default\">\n\t\t\t\t<div class=\"elementor-widget-container\">\n\t\t\t\t\t<div class=\"elementor-swiper\">\n\t\t\t<div class=\"elementor-slides-wrapper elementor-main-swiper swiper\" dir=\"ltr\" data-animation=\"fadeInUp\">\n\t\t\t\t<div class=\"swiper-wrapper elementor-slides\">\n\t\t\t\t\t\t\t\t\t\t<div class=\"elementor-repeater-item-a5c5752 swiper-slide\"><div class=\"swiper-slide-bg\" role=\"img\"><\/div><div class=\"elementor-background-overlay\"><\/div><div class=\"swiper-slide-inner\" ><div class=\"swiper-slide-contents\"><div class=\"elementor-slide-heading\">Acceso a playa por Hotel Friendly Fun | Access to the beach by Hotel Friendly Fun<\/div><div class=\"elementor-slide-description\">8:00 am a 10:00 pm\n<\/div><\/div><\/div><\/div>\t\t\t\t<\/div>\n\t\t\t\t\t\t\t<\/div>\n\t\t<\/div>\n\t\t\t\t<\/div>\n\t\t\t\t<\/div>\n\t\t\t\t\t<\/div>\n\t\t<\/div>\n\t\t\t\t\t<\/div>\n\t\t<\/section>\n\t\t\t\t<section class=\"elementor-section elementor-top-section elementor-element elementor-element-55c28fe elementor-section-boxed elementor-section-height-default elementor-section-height-default\" data-id=\"55c28fe\" data-element_type=\"section\">\n\t\t\t\t\t\t<div class=\"elementor-container elementor-column-gap-default\">\n\t\t\t\t\t<div class=\"elementor-column elementor-col-100 elementor-top-column elementor-element elementor-element-a8de51d\" data-id=\"a8de51d\" data-element_type=\"column\">\n\t\t\t<div class=\"elementor-widget-wrap elementor-element-populated\">\n\t\t\t\t\t\t<div class=\"elementor-element elementor-element-f4c2d2d elementor-widget elementor-widget-spacer\" data-id=\"f4c2d2d\" data-element_type=\"widget\" data-widget_type=\"spacer.default\">\n\t\t\t\t<div class=\"elementor-widget-container\">\n\t\t\t\t\t<div class=\"elementor-spacer\">\n\t\t\t<div class=\"elementor-spacer-inner\"><\/div>\n\t\t<\/div>\n\t\t\t\t<\/div>\n\t\t\t\t<\/div>\n\t\t\t\t<div class=\"elementor-element elementor-element-024494d elementor-widget elementor-widget-text-editor\" data-id=\"024494d\" data-element_type=\"widget\" data-widget_type=\"text-editor.default\">\n\t\t\t\t<div class=\"elementor-widget-container\">\n\t\t\t\t\t\t\t<h3 style=\"text-align: center;\"><span style=\"font-family: futurastdbold; color: #000000;\">En playa no se venden alimentos y bebidas. |\u00a0<\/span><span style=\"color: #000000; font-family: futurastdbold; font-size: var(--heading--font-size-h3); letter-spacing: var(--heading--letter-spacing-h3); text-align: center; background-color: var(--global--color-background);\">Food and\u00a0<\/span><span style=\"color: #000000; font-family: futurastdbold; font-size: var(--heading--font-size-h3); letter-spacing: var(--heading--letter-spacing-h3); text-align: center; background-color: var(--global--color-background);\">beverages<\/span><span style=\"color: #000000; font-family: futurastdbold; font-size: var(--heading--font-size-h3); letter-spacing: var(--heading--letter-spacing-h3); text-align: center; background-color: var(--global--color-background);\">\u00a0are not sold on the beach.<\/span><\/h3>\t\t\t\t\t\t<\/div>\n\t\t\t\t<\/div>\n\t\t\t\t\t<\/div>\n\t\t<\/div>\n\t\t\t\t\t<\/div>\n\t\t<\/section>\n\t\t\t\t<section class=\"elementor-section elementor-top-section elementor-element elementor-element-0818186 elementor-section-boxed elementor-section-height-default elementor-section-height-default\" data-id=\"0818186\" data-element_type=\"section\">\n\t\t\t\t\t\t<div class=\"elementor-container elementor-column-gap-default\">\n\t\t\t\t\t<div class=\"elementor-column elementor-col-50 elementor-top-column elementor-element elementor-element-a2a9262\" data-id=\"a2a9262\" data-element_type=\"column\">\n\t\t\t<div class=\"elementor-widget-wrap elementor-element-populated\">\n\t\t\t\t\t\t<div class=\"elementor-element elementor-element-cd13022 elementor-widget-divider--view-line elementor-widget elementor-widget-divider\" data-id=\"cd13022\" data-element_type=\"widget\" data-widget_type=\"divider.default\">\n\t\t\t\t<div class=\"elementor-widget-container\">\n\t\t\t\t\t<div class=\"elementor-divider\">\n\t\t\t<span class=\"elementor-divider-separator\">\n\t\t\t\t\t\t<\/span>\n\t\t<\/div>\n\t\t\t\t<\/div>\n\t\t\t\t<\/div>\n\t\t\t\t<div class=\"elementor-element elementor-element-430acb2 elementor-widget elementor-widget-heading\" data-id=\"430acb2\" data-element_type=\"widget\" data-widget_type=\"heading.default\">\n\t\t\t\t<div class=\"elementor-widget-container\">\n\t\t\t<h3 class=\"elementor-heading-title elementor-size-default\">\u00bfC\u00f3mo ingresar bebidas?<\/h3>\t\t<\/div>\n\t\t\t\t<\/div>\n\t\t\t\t<div class=\"elementor-element elementor-element-8a39263 elementor-widget elementor-widget-text-editor\" data-id=\"8a39263\" data-element_type=\"widget\" data-widget_type=\"text-editor.default\">\n\t\t\t\t<div class=\"elementor-widget-container\">\n\t\t\t\t\t\t\t<p><span style=\"color: #000000;\">Solicita en recepci\u00f3n la <span style=\"font-family: futurastdbold;\">Hielera M\u00edo<\/span>.\u00a0<\/span><\/p><p>\u00a0<br \/><br \/><\/p><p><span style=\"color: #000000;\">Esta consiste de:<\/span><\/p><div class=\"page\" title=\"Page 1\"><div class=\"layoutArea\"><div class=\"column\"><ul><li><span style=\"color: #000000;\">8 latas (refrescos o cervezas de tu elecci\u00f3n).<\/span><\/li><li><span style=\"color: #000000;\">2 sa\u0301ndwich sencillos.<\/span><\/li><\/ul><p><span style=\"color: #000000;\">Los 2 sandwich se pueden cambiar por una de estas opciones:<\/span><\/p><div class=\"page\" title=\"Page 1\"><div class=\"layoutArea\"><div class=\"column\"><ul><li><span style=\"color: #000000;\">1 hamburguesa, \u00f3 .\u00a0<\/span><\/li><li><span style=\"color: #000000;\">2 ordenes de papas a la francesa, \u00f3.<\/span><\/li><li><span style=\"color: #000000;\">1 orden de nachos naturales.<\/span><\/li><\/ul><\/div><p><span style=\"font-size: 12pt; color: #000000;\"><em>*Pregunta por el cambio de bebidas no enlatadas y alimentos con costo extra*<\/em><\/span><\/p><\/div><p>\u00a0<\/p><p><span style=\"font-family: futurastdbold; color: #000000;\">Costo de Hielera M\u00edo: $500.00 MXN<\/span><br \/><br \/><br \/><span style=\"color: #000000;\"><em><span style=\"font-size: 12pt;\">*Se firmar\u00e1 una responsiva y dejar\u00e1 un monto de <strong>$1,000.00 MXN<\/strong>como resguardo y garant\u00eda por pr\u00e9stamo de la hielera. Mismos que se regresar\u00e1n al momento de su devoluci\u00f3n.*<\/span><\/em><\/span><\/p><\/div><p><span style=\"color: #000000;\"><em><span style=\"font-size: 12pt;\">*La hielera se debe <strong>regresar el mismo d\u00eda<\/strong> de su pr\u00e9stamo en recepci\u00f3n.*<\/span><\/em><\/span><\/p><\/div><\/div><\/div>\t\t\t\t\t\t<\/div>\n\t\t\t\t<\/div>\n\t\t\t\t\t<\/div>\n\t\t<\/div>\n\t\t\t\t<div class=\"elementor-column elementor-col-50 elementor-top-column elementor-element elementor-element-9f474bb\" data-id=\"9f474bb\" data-element_type=\"column\">\n\t\t\t<div class=\"elementor-widget-wrap elementor-element-populated\">\n\t\t\t\t\t\t<div class=\"elementor-element elementor-element-4221703 elementor-widget-divider--view-line elementor-widget elementor-widget-divider\" data-id=\"4221703\" data-element_type=\"widget\" data-widget_type=\"divider.default\">\n\t\t\t\t<div class=\"elementor-widget-container\">\n\t\t\t\t\t<div class=\"elementor-divider\">\n\t\t\t<span class=\"elementor-divider-separator\">\n\t\t\t\t\t\t<\/span>\n\t\t<\/div>\n\t\t\t\t<\/div>\n\t\t\t\t<\/div>\n\t\t\t\t<div class=\"elementor-element elementor-element-2060d74 elementor-widget elementor-widget-heading\" data-id=\"2060d74\" data-element_type=\"widget\" data-widget_type=\"heading.default\">\n\t\t\t\t<div class=\"elementor-widget-container\">\n\t\t\t<h3 class=\"elementor-heading-title elementor-size-default\">How to enter drinks?<\/h3>\t\t<\/div>\n\t\t\t\t<\/div>\n\t\t\t\t<div class=\"elementor-element elementor-element-f7a7e76 elementor-widget elementor-widget-text-editor\" data-id=\"f7a7e76\" data-element_type=\"widget\" data-widget_type=\"text-editor.default\">\n\t\t\t\t<div class=\"elementor-widget-container\">\n\t\t\t\t\t\t\t<div class=\"page\" title=\"Page 8\"><div class=\"section\"><div class=\"layoutArea\"><div class=\"column\"><p><span style=\"color: #000000;\">Ask at the front desk for the MI\u0301O cooler.<\/span><\/p><p>\u00a0<\/p><p><br \/><span style=\"color: #000000;\">It consists of:<\/span><br \/><span style=\"color: #000000;\">8 cans of soft drinks or beer of your choice.<\/span><br \/><span style=\"color: #000000;\">2 simple sandwiches or 1 hamburger or 2 orders of french fries or 1 order of natural nachos.<\/span><\/p><p>\u00a0<\/p><p><em><span style=\"color: #000000;\">* Ask for the change of non-canned beverages and food with extra cost *.<\/span><\/em><\/p><p>\u00a0<\/p><p><span style=\"color: #000000;\">Cost of the Hielera MI\u0301O: $500.00 MXN<\/span><\/p><p><br \/><em><span style=\"color: #000000;\">* You will sign a responsive and leave an amount of $ 1,000.00 MXN as a deposit and guarantee for the loan of the cooler. This amount will be returned at the time of return. The cooler must be returned the same day *.<\/span><\/em><\/p><\/div><\/div><\/div><\/div>\t\t\t\t\t\t<\/div>\n\t\t\t\t<\/div>\n\t\t\t\t\t<\/div>\n\t\t<\/div>\n\t\t\t\t\t<\/div>\n\t\t<\/section>\n\t\t\t\t<section class=\"elementor-section elementor-top-section elementor-element elementor-element-92f1365 elementor-section-boxed elementor-section-height-default elementor-section-height-default\" data-id=\"92f1365\" data-element_type=\"section\">\n\t\t\t\t\t\t<div class=\"elementor-container elementor-column-gap-default\">\n\t\t\t\t\t<div class=\"elementor-column elementor-col-100 elementor-top-column elementor-element elementor-element-a40e197\" data-id=\"a40e197\" data-element_type=\"column\">\n\t\t\t<div class=\"elementor-widget-wrap elementor-element-populated\">\n\t\t\t\t\t\t<div class=\"elementor-element elementor-element-df69d3d elementor-widget elementor-widget-text-editor\" data-id=\"df69d3d\" data-element_type=\"widget\" data-widget_type=\"text-editor.default\">\n\t\t\t\t<div class=\"elementor-widget-container\">\n\t\t\t\t\t\t\t<p class=\"MsoNormal\"><i><span style=\"font-size:9.0pt;line-height:107%;font-family:\n&quot;Arial&quot;,sans-serif\">**No tenemos acceso al uso de instalaciones o restaurantes\ndel Hotel Friendly Fun. Para poder hacer uso de ellos, en necesario adquirir el\nDay Pass directamente en la Recepci\u00f3n del Hotel Friendly Fun, el cual tiene un\ncosto de $1,200.00 Pesos por persona.<br>\n**No se permite el ingreso por el Hotel Friendly Fun con Alimentos o Bebidas.<br>\n**El uso del cubrebocas y portar su brazalete de Hotel MIO es obligatorio para\ningresar por el Hotel Friendly Fun.<o:p><\/o:p><\/span><\/i><\/p><p>\n\n<\/p><p class=\"MsoNormal\"><i><span style=\"font-size:9.0pt;line-height:107%;font-family:\n&quot;Arial&quot;,sans-serif\">**We don\u00b4t have access to the use of facilities or\nrestaurants of Hotel Friendly Fun. In order to have access to them, it is\nrequired to purchase a Day Pass directly at Reception of Hotel Friendly Fun,\nwhich has a cost of $1,200.00 Pesos per person. <br>\n**It\u00b4s not permitted to introduce Food or Beverages through Hotel Friendly Fun.<br>\n**The use of a facemask and Hotel MIO bracelet is mandatory to access Hotel\nFriendly Fun.<o:p><\/o:p><\/span><\/i><\/p>\t\t\t\t\t\t<\/div>\n\t\t\t\t<\/div>\n\t\t\t\t\t<\/div>\n\t\t<\/div>\n\t\t\t\t\t<\/div>\n\t\t<\/section>\n\t\t\t\t<section class=\"elementor-section elementor-top-section elementor-element elementor-element-394cc4c elementor-section-boxed elementor-section-height-default elementor-section-height-default\" data-id=\"394cc4c\" data-element_type=\"section\">\n\t\t\t\t\t\t<div class=\"elementor-container elementor-column-gap-default\">\n\t\t\t\t\t<div class=\"elementor-column elementor-col-100 elementor-top-column elementor-element elementor-element-1444f85\" data-id=\"1444f85\" data-element_type=\"column\">\n\t\t\t<div class=\"elementor-widget-wrap elementor-element-populated\">\n\t\t\t\t\t\t<div class=\"elementor-element elementor-element-f708561 elementor-widget elementor-widget-spacer\" data-id=\"f708561\" data-element_type=\"widget\" data-widget_type=\"spacer.default\">\n\t\t\t\t<div class=\"elementor-widget-container\">\n\t\t\t\t\t<div class=\"elementor-spacer\">\n\t\t\t<div class=\"elementor-spacer-inner\"><\/div>\n\t\t<\/div>\n\t\t\t\t<\/div>\n\t\t\t\t<\/div>\n\t\t\t\t\t<\/div>\n\t\t<\/div>\n\t\t\t\t\t<\/div>\n\t\t<\/section>\n\t\t\t\t<section class=\"elementor-section elementor-top-section elementor-element elementor-element-5625b9e elementor-section-boxed elementor-section-height-default elementor-section-height-default\" data-id=\"5625b9e\" data-element_type=\"section\">\n\t\t\t\t\t\t<div class=\"elementor-container elementor-column-gap-default\">\n\t\t\t\t\t<div class=\"elementor-column elementor-col-50 elementor-top-column elementor-element elementor-element-55e215f\" data-id=\"55e215f\" data-element_type=\"column\">\n\t\t\t<div class=\"elementor-widget-wrap elementor-element-populated\">\n\t\t\t\t\t\t<div class=\"elementor-element elementor-element-092054d elementor-align-center elementor-widget elementor-widget-button\" data-id=\"092054d\" data-element_type=\"widget\" data-widget_type=\"button.default\">\n\t\t\t\t<div class=\"elementor-widget-container\">\n\t\t\t\t\t<div class=\"elementor-button-wrapper\">\n\t\t\t<a class=\"elementor-button elementor-button-link elementor-size-sm\" href=\"https:\/\/hotelmiovallarta.com.mx\/qr\/reglamento\/instalaciones\/\">\n\t\t\t\t\t\t<span class=\"elementor-button-content-wrapper\">\n\t\t\t\t\t\t<span class=\"elementor-button-icon\">\n\t\t\t\t<i aria-hidden=\"true\" class=\"fas fa-backward\"><\/i>\t\t\t<\/span>\n\t\t\t\t\t\t\t\t\t<span class=\"elementor-button-text\">Instalaciones |\u00a0installations<\/span>\n\t\t\t\t\t<\/span>\n\t\t\t\t\t<\/a>\n\t\t<\/div>\n\t\t\t\t<\/div>\n\t\t\t\t<\/div>\n\t\t\t\t\t<\/div>\n\t\t<\/div>\n\t\t\t\t<div class=\"elementor-column elementor-col-50 elementor-top-column elementor-element elementor-element-f148eb0\" data-id=\"f148eb0\" data-element_type=\"column\">\n\t\t\t<div class=\"elementor-widget-wrap elementor-element-populated\">\n\t\t\t\t\t\t<div class=\"elementor-element elementor-element-794c659 elementor-align-center elementor-widget elementor-widget-button\" data-id=\"794c659\" data-element_type=\"widget\" data-widget_type=\"button.default\">\n\t\t\t\t<div class=\"elementor-widget-container\">\n\t\t\t\t\t<div class=\"elementor-button-wrapper\">\n\t\t\t<a class=\"elementor-button elementor-button-link elementor-size-sm\" href=\"https:\/\/hotelmiovallarta.com.mx\/qr\/reglamento\">\n\t\t\t\t\t\t<span class=\"elementor-button-content-wrapper\">\n\t\t\t\t\t\t<span class=\"elementor-button-icon\">\n\t\t\t\t<i aria-hidden=\"true\" class=\"fas fa-home\"><\/i>\t\t\t<\/span>\n\t\t\t\t\t\t\t\t\t<span class=\"elementor-button-text\">Inicio | Home<\/span>\n\t\t\t\t\t<\/span>\n\t\t\t\t\t<\/a>\n\t\t<\/div>\n\t\t\t\t<\/div>\n\t\t\t\t<\/div>\n\t\t\t\t\t<\/div>\n\t\t<\/div>\n\t\t\t\t\t<\/div>\n\t\t<\/section>\n\t\t\t\t<section class=\"elementor-section elementor-top-section elementor-element elementor-element-7623522 elementor-section-boxed elementor-section-height-default elementor-section-height-default\" data-id=\"7623522\" data-element_type=\"section\">\n\t\t\t\t\t\t<div class=\"elementor-container elementor-column-gap-default\">\n\t\t\t\t\t<div class=\"elementor-column elementor-col-100 elementor-top-column elementor-element elementor-element-063ad5f\" data-id=\"063ad5f\" data-element_type=\"column\">\n\t\t\t<div class=\"elementor-widget-wrap elementor-element-populated\">\n\t\t\t\t\t\t<div class=\"elementor-element elementor-element-a319079 elementor-widget elementor-widget-spacer\" data-id=\"a319079\" data-element_type=\"widget\" data-widget_type=\"spacer.default\">\n\t\t\t\t<div class=\"elementor-widget-container\">\n\t\t\t\t\t<div class=\"elementor-spacer\">\n\t\t\t<div class=\"elementor-spacer-inner\"><\/div>\n\t\t<\/div>\n\t\t\t\t<\/div>\n\t\t\t\t<\/div>\n\t\t\t\t\t<\/div>\n\t\t<\/div>\n\t\t\t\t\t<\/div>\n\t\t<\/section>\n\t\t\t\t<\/div>\n\t\t","protected":false},"excerpt":{"rendered":"<p>Acceso a playa por Hotel Friendly Fun | Access to the beach by Hotel Friendly Fun8:00 am a 10:00 pm En playa no se venden alimentos y bebidas. |\u00a0Food and\u00a0beverages\u00a0are not sold on the beach. \u00bfC\u00f3mo ingresar bebidas? Solicita en recepci\u00f3n la Hielera M\u00edo.\u00a0 \u00a0 Esta consiste de: 8 latas (refrescos o cervezas de tu&hellip; <a class=\"more-link\" href=\"https:\/\/hotelmiovallarta.com.mx\/qr\/reglamento\/playa\/\">Seguir leyendo <span class=\"screen-reader-text\">Playa<\/span><\/a><\/p>\n","protected":false},"author":1,"featured_media":0,"parent":0,"menu_order":0,"comment_status":"closed","ping_status":"closed","template":"elementor_canvas","meta":{"footnotes":""},"class_list":["post-744","page","type-page","status-publish","hentry","entry"],"_links":{"self":[{"href":"https:\/\/hotelmiovallarta.com.mx\/qr\/reglamento\/wp-json\/wp\/v2\/pages\/744","targetHints":{"allow":["GET"]}}],"collection":[{"href":"https:\/\/hotelmiovallarta.com.mx\/qr\/reglamento\/wp-json\/wp\/v2\/pages"}],"about":[{"href":"https:\/\/hotelmiovallarta.com.mx\/qr\/reglamento\/wp-json\/wp\/v2\/types\/page"}],"author":[{"embeddable":true,"href":"https:\/\/hotelmiovallarta.com.mx\/qr\/reglamento\/wp-json\/wp\/v2\/users\/1"}],"replies":[{"embeddable":true,"href":"https:\/\/hotelmiovallarta.com.mx\/qr\/reglamento\/wp-json\/wp\/v2\/comments?post=744"}],"version-history":[{"count":46,"href":"https:\/\/hotelmiovallarta.com.mx\/qr\/reglamento\/wp-json\/wp\/v2\/pages\/744\/revisions"}],"predecessor-version":[{"id":1129,"href":"https:\/\/hotelmiovallarta.com.mx\/qr\/reglamento\/wp-json\/wp\/v2\/pages\/744\/revisions\/1129"}],"wp:attachment":[{"href":"https:\/\/hotelmiovallarta.com.mx\/qr\/reglamento\/wp-json\/wp\/v2\/media?parent=744"}],"curies":[{"name":"wp","href":"https:\/\/api.w.org\/{rel}","templated":true}]}}