{"id":493,"date":"2021-11-04T18:44:10","date_gmt":"2021-11-04T18:44:10","guid":{"rendered":"https:\/\/hotelmiovallarta.com.mx\/qrmio\/?page_id=493"},"modified":"2021-11-23T06:28:47","modified_gmt":"2021-11-23T06:28:47","slug":"gym","status":"publish","type":"page","link":"https:\/\/hotelmiovallarta.com.mx\/qr\/reglamento\/gym\/","title":{"rendered":"Gym"},"content":{"rendered":"\t\t<div data-elementor-type=\"wp-page\" data-elementor-id=\"493\" class=\"elementor elementor-493\" data-elementor-post-type=\"page\">\n\t\t\t\t\t\t<section class=\"elementor-section elementor-top-section elementor-element elementor-element-ad25253 elementor-section-boxed elementor-section-height-default elementor-section-height-default\" data-id=\"ad25253\" data-element_type=\"section\">\n\t\t\t\t\t\t<div class=\"elementor-container elementor-column-gap-default\">\n\t\t\t\t\t<div class=\"elementor-column elementor-col-100 elementor-top-column elementor-element elementor-element-cb0934b\" data-id=\"cb0934b\" data-element_type=\"column\">\n\t\t\t<div class=\"elementor-widget-wrap elementor-element-populated\">\n\t\t\t\t\t\t<div class=\"elementor-element elementor-element-885302e elementor--h-position-center elementor--v-position-middle elementor-arrows-position-inside elementor-pagination-position-inside elementor-widget elementor-widget-slides\" data-id=\"885302e\" data-element_type=\"widget\" data-settings=\"{&quot;navigation&quot;:&quot;both&quot;,&quot;autoplay&quot;:&quot;yes&quot;,&quot;pause_on_hover&quot;:&quot;yes&quot;,&quot;pause_on_interaction&quot;:&quot;yes&quot;,&quot;autoplay_speed&quot;:5000,&quot;infinite&quot;:&quot;yes&quot;,&quot;transition&quot;:&quot;slide&quot;,&quot;transition_speed&quot;:500}\" data-widget_type=\"slides.default\">\n\t\t\t\t<div class=\"elementor-widget-container\">\n\t\t\t\t\t<div class=\"elementor-swiper\">\n\t\t\t<div class=\"elementor-slides-wrapper elementor-main-swiper swiper\" dir=\"ltr\" data-animation=\"fadeInUp\">\n\t\t\t\t<div class=\"swiper-wrapper elementor-slides\">\n\t\t\t\t\t\t\t\t\t\t<div class=\"elementor-repeater-item-a5c5752 swiper-slide\"><div class=\"swiper-slide-bg\" role=\"img\"><\/div><div class=\"elementor-background-overlay\"><\/div><div class=\"swiper-slide-inner\" ><div class=\"swiper-slide-contents\"><div class=\"elementor-slide-heading\">Gym<\/div><div class=\"elementor-slide-description\">Abierto de 7:00 am a 10:00 pm\n|\u00a0Open from 7:00 am to 10:00 pm \n<\/div><\/div><\/div><\/div>\t\t\t\t<\/div>\n\t\t\t\t\t\t\t<\/div>\n\t\t<\/div>\n\t\t\t\t<\/div>\n\t\t\t\t<\/div>\n\t\t\t\t\t<\/div>\n\t\t<\/div>\n\t\t\t\t\t<\/div>\n\t\t<\/section>\n\t\t\t\t<section class=\"elementor-section elementor-top-section elementor-element elementor-element-55c28fe elementor-section-boxed elementor-section-height-default elementor-section-height-default\" data-id=\"55c28fe\" data-element_type=\"section\">\n\t\t\t\t\t\t<div class=\"elementor-container elementor-column-gap-default\">\n\t\t\t\t\t<div class=\"elementor-column elementor-col-100 elementor-top-column elementor-element elementor-element-a8de51d\" data-id=\"a8de51d\" data-element_type=\"column\">\n\t\t\t<div class=\"elementor-widget-wrap elementor-element-populated\">\n\t\t\t\t\t\t<div class=\"elementor-element elementor-element-f4c2d2d elementor-widget elementor-widget-spacer\" data-id=\"f4c2d2d\" data-element_type=\"widget\" data-widget_type=\"spacer.default\">\n\t\t\t\t<div class=\"elementor-widget-container\">\n\t\t\t\t\t<div class=\"elementor-spacer\">\n\t\t\t<div class=\"elementor-spacer-inner\"><\/div>\n\t\t<\/div>\n\t\t\t\t<\/div>\n\t\t\t\t<\/div>\n\t\t\t\t<div class=\"elementor-element elementor-element-1f2857c elementor-widget elementor-widget-text-editor\" data-id=\"1f2857c\" data-element_type=\"widget\" data-widget_type=\"text-editor.default\">\n\t\t\t\t<div class=\"elementor-widget-container\">\n\t\t\t\t\t\t\t<h3 style=\"text-align: center;\"><span style=\"color: #000000; font-family: futurastdbold;\">Ubicado en el piso 2 |\u00a0<\/span><span style=\"color: var(--global--color-primary); font-family: futurastdbold; font-size: 24pt; background-color: var(--global--color-background);\">Located on the 2nd floor.<\/span><\/h3><div class=\"page\" title=\"Page 3\"><div class=\"section\"><div class=\"layoutArea\"><div class=\"column\"><p style=\"text-align: center;\">Pide una llave en recepcio\u0301n para acceder. |<\/p><div class=\"page\" title=\"Page 4\"><div class=\"section\"><div class=\"layoutArea\"><div class=\"column\"><p style=\"text-align: center;\">Ask for a key at reception to access.<\/p><\/div><\/div><\/div><\/div><\/div><\/div><\/div><\/div>\t\t\t\t\t\t<\/div>\n\t\t\t\t<\/div>\n\t\t\t\t\t<\/div>\n\t\t<\/div>\n\t\t\t\t\t<\/div>\n\t\t<\/section>\n\t\t\t\t<section class=\"elementor-section elementor-top-section elementor-element elementor-element-0818186 elementor-section-boxed elementor-section-height-default elementor-section-height-default\" data-id=\"0818186\" data-element_type=\"section\">\n\t\t\t\t\t\t<div class=\"elementor-container elementor-column-gap-default\">\n\t\t\t\t\t<div class=\"elementor-column elementor-col-50 elementor-top-column elementor-element elementor-element-a2a9262\" data-id=\"a2a9262\" data-element_type=\"column\">\n\t\t\t<div class=\"elementor-widget-wrap elementor-element-populated\">\n\t\t\t\t\t\t<div class=\"elementor-element elementor-element-cd13022 elementor-widget-divider--view-line elementor-widget elementor-widget-divider\" data-id=\"cd13022\" data-element_type=\"widget\" data-widget_type=\"divider.default\">\n\t\t\t\t<div class=\"elementor-widget-container\">\n\t\t\t\t\t<div class=\"elementor-divider\">\n\t\t\t<span class=\"elementor-divider-separator\">\n\t\t\t\t\t\t<\/span>\n\t\t<\/div>\n\t\t\t\t<\/div>\n\t\t\t\t<\/div>\n\t\t\t\t<div class=\"elementor-element elementor-element-430acb2 elementor-widget elementor-widget-heading\" data-id=\"430acb2\" data-element_type=\"widget\" data-widget_type=\"heading.default\">\n\t\t\t\t<div class=\"elementor-widget-container\">\n\t\t\t<h3 class=\"elementor-heading-title elementor-size-default\">Reglamento<\/h3>\t\t<\/div>\n\t\t\t\t<\/div>\n\t\t\t\t<div class=\"elementor-element elementor-element-8a39263 elementor-widget elementor-widget-text-editor\" data-id=\"8a39263\" data-element_type=\"widget\" data-widget_type=\"text-editor.default\">\n\t\t\t\t<div class=\"elementor-widget-container\">\n\t\t\t\t\t\t\t<div class=\"page\" title=\"Page 3\"><div class=\"section\"><div class=\"layoutArea\"><div class=\"column\"><p>Solo mayores de 18 an\u0303os.<br \/>No introducir alimentos ni bebidas.<br \/>Prohibido fumar.<br \/>Usar toalla personal y al finalizar su rutina introducirla al cesto para su limpieza.<br \/>Cualquier duda en el uso del equipo comunicarse a recepcio\u0301n.<br \/>Uso de audi\u0301fonos para escuchar su propia mu\u0301sica.<br \/><em>** El incumplimiento de cualquiera de estas normas puede ser causa suficiente para privar al hue\u0301sped del uso del gimnasio.**<\/em><\/p><\/div><\/div><\/div><\/div>\t\t\t\t\t\t<\/div>\n\t\t\t\t<\/div>\n\t\t\t\t\t<\/div>\n\t\t<\/div>\n\t\t\t\t<div class=\"elementor-column elementor-col-50 elementor-top-column elementor-element elementor-element-9f474bb\" data-id=\"9f474bb\" data-element_type=\"column\">\n\t\t\t<div class=\"elementor-widget-wrap elementor-element-populated\">\n\t\t\t\t\t\t<div class=\"elementor-element elementor-element-4221703 elementor-widget-divider--view-line elementor-widget elementor-widget-divider\" data-id=\"4221703\" data-element_type=\"widget\" data-widget_type=\"divider.default\">\n\t\t\t\t<div class=\"elementor-widget-container\">\n\t\t\t\t\t<div class=\"elementor-divider\">\n\t\t\t<span class=\"elementor-divider-separator\">\n\t\t\t\t\t\t<\/span>\n\t\t<\/div>\n\t\t\t\t<\/div>\n\t\t\t\t<\/div>\n\t\t\t\t<div class=\"elementor-element elementor-element-3cc19d2 elementor-widget elementor-widget-heading\" data-id=\"3cc19d2\" data-element_type=\"widget\" data-widget_type=\"heading.default\">\n\t\t\t\t<div class=\"elementor-widget-container\">\n\t\t\t<h3 class=\"elementor-heading-title elementor-size-default\">Rules<\/h3>\t\t<\/div>\n\t\t\t\t<\/div>\n\t\t\t\t<div class=\"elementor-element elementor-element-f7a7e76 elementor-widget elementor-widget-text-editor\" data-id=\"f7a7e76\" data-element_type=\"widget\" data-widget_type=\"text-editor.default\">\n\t\t\t\t<div class=\"elementor-widget-container\">\n\t\t\t\t\t\t\t<div class=\"page\" title=\"Page 4\"><div class=\"section\"><div class=\"layoutArea\"><div class=\"column\"><p>Only over 18 years old.<br \/>Do not bring food or beverages.<br \/>Smoking is prohibited.<br \/>Use a personal towel and at the end of your routine introduce it to the basket for cleaning. Any questions regarding the use of the equipment, please contact reception.<br \/>Use of headphones to listen to your own music.<br \/><em>** Failure to comply with any of these rules may be sufficient cause to deprive the guest of the use of the gym .**<\/em><\/p><\/div><\/div><\/div><\/div>\t\t\t\t\t\t<\/div>\n\t\t\t\t<\/div>\n\t\t\t\t\t<\/div>\n\t\t<\/div>\n\t\t\t\t\t<\/div>\n\t\t<\/section>\n\t\t\t\t<section class=\"elementor-section elementor-top-section elementor-element elementor-element-394cc4c elementor-section-boxed elementor-section-height-default elementor-section-height-default\" data-id=\"394cc4c\" data-element_type=\"section\">\n\t\t\t\t\t\t<div class=\"elementor-container elementor-column-gap-default\">\n\t\t\t\t\t<div class=\"elementor-column elementor-col-100 elementor-top-column elementor-element elementor-element-1444f85\" data-id=\"1444f85\" data-element_type=\"column\">\n\t\t\t<div class=\"elementor-widget-wrap elementor-element-populated\">\n\t\t\t\t\t\t<div class=\"elementor-element elementor-element-4c66afd elementor-view-default elementor-widget elementor-widget-icon\" data-id=\"4c66afd\" data-element_type=\"widget\" data-widget_type=\"icon.default\">\n\t\t\t\t<div class=\"elementor-widget-container\">\n\t\t\t\t\t<div class=\"elementor-icon-wrapper\">\n\t\t\t<div class=\"elementor-icon\">\n\t\t\t<svg xmlns=\"http:\/\/www.w3.org\/2000\/svg\" xmlns:xlink=\"http:\/\/www.w3.org\/1999\/xlink\" id=\"Capa_1\" x=\"0px\" y=\"0px\" viewBox=\"0 0 500 500\" style=\"enable-background:new 0 0 500 500;\" xml:space=\"preserve\"><style type=\"text\/css\">\t.st0{fill:#6AA902;}<\/style><g>\t<g>\t\t<path class=\"st0\" d=\"M95.94,300.71c0,0-50.36-59.63,6.11-111.26l2.78,5.98c0,0,4.71-14.51,15.72-24.74l0.73,7.19    c0,0,12.73-16.77,24.49-21.55l-2.26,8.59l30.43-20.86l-2.26,8.59l27.67-13.71l-1.08,4.09l31.09-8.44l-6.14,23.32l7.21-2.48    c0,0-1.19,21.12-4.05,28.68l5.36-2.09c0,0-7.04,21.77-10.51,28.29l10.44-6.44c0,0-9.28,28.62-14.91,35.01l9.5-4.5    c0,0-5.8,20.35-16.67,28.42c0,0-17.28,59.44-98.91,47.13c0,0-15.25,30.87-15.19,42.26c0,0-7.11,2.07-6.83-3.98    c0.28-6.05,53.46-139.91,106.46-176.71C195.14,171.52,161.35,181.88,95.94,300.71z\"><\/path>\t\t<path class=\"st0\" d=\"M306.57,156.13c0,0,71.97-30.19,104.33,39.14l-6.54,0.86c0,0,12.43,8.84,18.89,22.4l-7.08-1.46    c0,0,12.19,17.17,13.23,29.82l-7.52-4.73l10.79,35.28l-7.52-4.73l4.8,30.51l-3.58-2.25l-1.26,32.19l-20.41-12.84l0.2,7.62    c0,0-19.8-7.46-26.15-12.45l0.39,5.74c0,0-18.66-13.24-23.85-18.5l3.01,11.89c0,0-24.52-17.43-28.94-24.7l1.45,10.41    c0,0-17.68-11.62-22.13-24.42c0,0-51.54-34.28-15.35-108.48c0,0-24.89-23.79-35.77-27.14c0,0,0.16-7.4,5.85-5.32    c5.69,2.08,117.49,92.9,136.72,154.49C400.13,289.45,400.36,254.12,306.57,156.13z\"><\/path>\t\t<path class=\"st0\" d=\"M333.78,393.07c0,0-27.14,73.18-99.87,49.42l3.84-5.37c0,0-14.95,3.04-29.27-1.51l5.9-4.18    c0,0-20.86-2.83-30.81-10.71l8.59-2.26l-33.13-16.23l8.59-2.26l-25.55-17.34l4.09-1.07l-22.64-22.92l23.32-6.13l-5.7-5.06    c0,0,18.97-9.36,26.96-10.58l-4.46-3.64c0,0,22.42-4.58,29.8-4.77l-10.74-5.93c0,0,29.48-6,37.81-4.25l-8.59-6.05    c0,0,20.57-4.97,32.95,0.53c0,0,60.24-14.2,89.69,62.92c0,0,34.38-1.91,44.26-7.57c0,0,5.3,5.17-0.11,7.9    c-5.41,2.73-148.11,22.29-206.22-5.74C172.51,370.27,198.15,394.59,333.78,393.07z\"><\/path>\t\t<path class=\"st0\" d=\"M201.09,433.82c-21.44-1.41-31.87-13.59-31.87-13.59H86.94c-14.1,0-26.61-7.35-33.47-19.66    c-6.86-12.31-6.54-26.82,0.87-38.81l33.15-53.64c-5.49-7.95-10.74-21.19-13.69-29.35l-42.49,68.75    c-12.65,20.46-13.2,45.22-1.49,66.23c11.71,21.01,33.06,33.55,57.12,33.55h128.68c-11.97-4.23-21.03-9.25-21.03-9.25    L201.09,433.82z\"><\/path>\t\t<path class=\"st0\" d=\"M179.37,134.6l20-7.48l18.03-29.17c7.04-11.38,19.22-18.17,32.6-18.17c13.38,0,25.56,6.79,32.6,18.17    l28.23,45.68c9.51-2.16,20.79-2.53,30.43-2.26l-35.63-57.65c-12-19.42-32.8-31.01-55.63-31.01c-22.83,0-43.63,11.59-55.63,31.01    l-31.09,50.3l18.34-6.47L179.37,134.6z\"><\/path>\t\t<path class=\"st0\" d=\"M468.68,347.53l-33.97-54.96c0.63,11.71-0.11,20.54-0.11,20.54l-1.94-2.94l-2.05,27.26v0l15.03,24.33    c7.41,11.99,7.74,26.5,0.87,38.81c-6.86,12.31-19.38,19.66-33.47,19.66h-86.14c-8.61,14.13-18.6,22.36-28.89,27.08h115.03    c24.05,0,45.41-12.54,57.12-33.55C481.89,392.75,481.33,367.99,468.68,347.53z\"><\/path>\t<\/g><\/g><\/svg>\t\t\t<\/div>\n\t\t<\/div>\n\t\t\t\t<\/div>\n\t\t\t\t<\/div>\n\t\t\t\t<div class=\"elementor-element elementor-element-0ded2f7 elementor-widget elementor-widget-text-editor\" data-id=\"0ded2f7\" data-element_type=\"widget\" data-widget_type=\"text-editor.default\">\n\t\t\t\t<div class=\"elementor-widget-container\">\n\t\t\t\t\t\t\t<p style=\"text-align: center;\"><span style=\"font-family: futurastdbold;\">En ayuda al medio ambiente\u00a0se mantiene un solo un equipo de aire acondicionado prendido. Si se requieren m\u00e1s utiliza el tel\u00e9fono y solic\u00edtalo a recepci\u00f3n.<\/span><\/p>\t\t\t\t\t\t<\/div>\n\t\t\t\t<\/div>\n\t\t\t\t<div class=\"elementor-element elementor-element-f708561 elementor-widget elementor-widget-spacer\" data-id=\"f708561\" data-element_type=\"widget\" data-widget_type=\"spacer.default\">\n\t\t\t\t<div class=\"elementor-widget-container\">\n\t\t\t\t\t<div class=\"elementor-spacer\">\n\t\t\t<div class=\"elementor-spacer-inner\"><\/div>\n\t\t<\/div>\n\t\t\t\t<\/div>\n\t\t\t\t<\/div>\n\t\t\t\t\t<\/div>\n\t\t<\/div>\n\t\t\t\t\t<\/div>\n\t\t<\/section>\n\t\t\t\t<section class=\"elementor-section elementor-top-section elementor-element elementor-element-5625b9e elementor-section-boxed elementor-section-height-default elementor-section-height-default\" data-id=\"5625b9e\" data-element_type=\"section\">\n\t\t\t\t\t\t<div class=\"elementor-container elementor-column-gap-default\">\n\t\t\t\t\t<div class=\"elementor-column elementor-col-50 elementor-top-column elementor-element elementor-element-55e215f\" data-id=\"55e215f\" data-element_type=\"column\">\n\t\t\t<div class=\"elementor-widget-wrap elementor-element-populated\">\n\t\t\t\t\t\t<div class=\"elementor-element elementor-element-092054d elementor-align-center elementor-widget elementor-widget-button\" data-id=\"092054d\" data-element_type=\"widget\" data-widget_type=\"button.default\">\n\t\t\t\t<div class=\"elementor-widget-container\">\n\t\t\t\t\t<div class=\"elementor-button-wrapper\">\n\t\t\t<a class=\"elementor-button elementor-button-link elementor-size-sm\" href=\"https:\/\/hotelmiovallarta.com.mx\/qr\/reglamento\/instalaciones\/\">\n\t\t\t\t\t\t<span class=\"elementor-button-content-wrapper\">\n\t\t\t\t\t\t<span class=\"elementor-button-icon\">\n\t\t\t\t<i aria-hidden=\"true\" class=\"fas fa-backward\"><\/i>\t\t\t<\/span>\n\t\t\t\t\t\t\t\t\t<span class=\"elementor-button-text\">Instalaciones |\u00a0installations<\/span>\n\t\t\t\t\t<\/span>\n\t\t\t\t\t<\/a>\n\t\t<\/div>\n\t\t\t\t<\/div>\n\t\t\t\t<\/div>\n\t\t\t\t\t<\/div>\n\t\t<\/div>\n\t\t\t\t<div class=\"elementor-column elementor-col-50 elementor-top-column elementor-element elementor-element-f148eb0\" data-id=\"f148eb0\" data-element_type=\"column\">\n\t\t\t<div class=\"elementor-widget-wrap elementor-element-populated\">\n\t\t\t\t\t\t<div class=\"elementor-element elementor-element-794c659 elementor-align-center elementor-widget elementor-widget-button\" data-id=\"794c659\" data-element_type=\"widget\" data-widget_type=\"button.default\">\n\t\t\t\t<div class=\"elementor-widget-container\">\n\t\t\t\t\t<div class=\"elementor-button-wrapper\">\n\t\t\t<a class=\"elementor-button elementor-button-link elementor-size-sm\" href=\"https:\/\/hotelmiovallarta.com.mx\/qr\/reglamento\">\n\t\t\t\t\t\t<span class=\"elementor-button-content-wrapper\">\n\t\t\t\t\t\t<span class=\"elementor-button-icon\">\n\t\t\t\t<i aria-hidden=\"true\" class=\"fas fa-home\"><\/i>\t\t\t<\/span>\n\t\t\t\t\t\t\t\t\t<span class=\"elementor-button-text\">Inicio | Home<\/span>\n\t\t\t\t\t<\/span>\n\t\t\t\t\t<\/a>\n\t\t<\/div>\n\t\t\t\t<\/div>\n\t\t\t\t<\/div>\n\t\t\t\t\t<\/div>\n\t\t<\/div>\n\t\t\t\t\t<\/div>\n\t\t<\/section>\n\t\t\t\t<section class=\"elementor-section elementor-top-section elementor-element elementor-element-7623522 elementor-section-boxed elementor-section-height-default elementor-section-height-default\" data-id=\"7623522\" data-element_type=\"section\">\n\t\t\t\t\t\t<div class=\"elementor-container elementor-column-gap-default\">\n\t\t\t\t\t<div class=\"elementor-column elementor-col-100 elementor-top-column elementor-element elementor-element-063ad5f\" data-id=\"063ad5f\" data-element_type=\"column\">\n\t\t\t<div class=\"elementor-widget-wrap elementor-element-populated\">\n\t\t\t\t\t\t<div class=\"elementor-element elementor-element-a319079 elementor-widget elementor-widget-spacer\" data-id=\"a319079\" data-element_type=\"widget\" data-widget_type=\"spacer.default\">\n\t\t\t\t<div class=\"elementor-widget-container\">\n\t\t\t\t\t<div class=\"elementor-spacer\">\n\t\t\t<div class=\"elementor-spacer-inner\"><\/div>\n\t\t<\/div>\n\t\t\t\t<\/div>\n\t\t\t\t<\/div>\n\t\t\t\t\t<\/div>\n\t\t<\/div>\n\t\t\t\t\t<\/div>\n\t\t<\/section>\n\t\t\t\t<\/div>\n\t\t","protected":false},"excerpt":{"rendered":"<p>GymAbierto de 7:00 am a 10:00 pm |\u00a0Open from 7:00 am to 10:00 pm Ubicado en el piso 2 |\u00a0Located on the 2nd floor. Pide una llave en recepcio\u0301n para acceder. | Ask for a key at reception to access. Reglamento Solo mayores de 18 an\u0303os.No introducir alimentos ni bebidas.Prohibido fumar.Usar toalla personal y al&hellip; <a class=\"more-link\" href=\"https:\/\/hotelmiovallarta.com.mx\/qr\/reglamento\/gym\/\">Seguir leyendo <span class=\"screen-reader-text\">Gym<\/span><\/a><\/p>\n","protected":false},"author":1,"featured_media":0,"parent":0,"menu_order":0,"comment_status":"closed","ping_status":"closed","template":"elementor_canvas","meta":{"footnotes":""},"class_list":["post-493","page","type-page","status-publish","hentry","entry"],"_links":{"self":[{"href":"https:\/\/hotelmiovallarta.com.mx\/qr\/reglamento\/wp-json\/wp\/v2\/pages\/493","targetHints":{"allow":["GET"]}}],"collection":[{"href":"https:\/\/hotelmiovallarta.com.mx\/qr\/reglamento\/wp-json\/wp\/v2\/pages"}],"about":[{"href":"https:\/\/hotelmiovallarta.com.mx\/qr\/reglamento\/wp-json\/wp\/v2\/types\/page"}],"author":[{"embeddable":true,"href":"https:\/\/hotelmiovallarta.com.mx\/qr\/reglamento\/wp-json\/wp\/v2\/users\/1"}],"replies":[{"embeddable":true,"href":"https:\/\/hotelmiovallarta.com.mx\/qr\/reglamento\/wp-json\/wp\/v2\/comments?post=493"}],"version-history":[{"count":34,"href":"https:\/\/hotelmiovallarta.com.mx\/qr\/reglamento\/wp-json\/wp\/v2\/pages\/493\/revisions"}],"predecessor-version":[{"id":1000,"href":"https:\/\/hotelmiovallarta.com.mx\/qr\/reglamento\/wp-json\/wp\/v2\/pages\/493\/revisions\/1000"}],"wp:attachment":[{"href":"https:\/\/hotelmiovallarta.com.mx\/qr\/reglamento\/wp-json\/wp\/v2\/media?parent=493"}],"curies":[{"name":"wp","href":"https:\/\/api.w.org\/{rel}","templated":true}]}}